{"id":4288,"date":"2025-08-21T09:07:12","date_gmt":"2025-08-21T12:07:12","guid":{"rendered":"https:\/\/cafdistribuidora.com.ar\/?post_type=product&#038;p=4288"},"modified":"2025-08-21T19:03:28","modified_gmt":"2025-08-21T22:03:28","slug":"llavero-digital-universal","status":"publish","type":"product","link":"https:\/\/cafdistribuidora.com.ar\/?product=llavero-digital-universal","title":{"rendered":"LLAVERO DIGITAL UNIVERSAL"},"content":{"rendered":"<p>&#8211; Ultra-larga duraci\u00f3n en espera por 30 d\u00edas<br \/>\n&#8211; Tacto ultra suave<br \/>\n&#8211; Pantalla LCD IPS de alta definici\u00f3n antirreflejos<br \/>\n&#8211; Funciona con Apple Buscar\/Hecho para<br \/>\niPhone | iPad | iPod<br \/>\n&#8211; Material de aleaci\u00f3n S\u00f3lido y a prueba de ca\u00eddas<br \/>\n&#8211; Entrada Pasiva Sin Llave<br \/>\n&#8211; Compatible con la funci\u00f3n de llave original<br \/>\n&#8211; Personalizaci\u00f3n de logo<\/p>\n","protected":false},"excerpt":{"rendered":"<p>&#8211; Ultra-larga duraci\u00f3n en espera por 30 d\u00edas &#8211; Tacto ultra suave &#8211; Pantalla LCD IPS de alta definici\u00f3n antirreflejos &#8211; Funciona con Apple Buscar\/Hecho para iPhone | iPad | iPod &#8211; Material de aleaci\u00f3n S\u00f3lido y a prueba de ca\u00eddas &#8211; Entrada Pasiva Sin Llave &#8211; Compatible con la funci\u00f3n de llave original &#8211; [&hellip;]<\/p>\n","protected":false},"featured_media":4289,"template":"","meta":{"_et_pb_use_builder":"on","_et_pb_old_content":"- Ultra-larga duraci\u00f3n en espera por 30 d\u00edas\n- Tacto ultra suave\n- Pantalla LCD IPS de alta definici\u00f3n antirreflejos\n- Funciona con Apple Buscar\/Hecho para\niPhone | iPad | iPod\n- Material de aleaci\u00f3n S\u00f3lido y a prueba de ca\u00eddas\n- Entrada Pasiva Sin Llave\n- Compatible con la funci\u00f3n de llave original\n- Personalizaci\u00f3n de logo","_et_gb_content_width":""},"product_brand":[264],"product_cat":[265],"product_tag":[],"class_list":{"0":"post-4288","1":"product","2":"type-product","3":"status-publish","4":"has-post-thumbnail","6":"product_brand-universal","7":"product_cat-universal","9":"first","10":"instock","11":"shipping-taxable","12":"purchasable","13":"product-type-simple"},"_links":{"self":[{"href":"https:\/\/cafdistribuidora.com.ar\/index.php?rest_route=\/wp\/v2\/product\/4288","targetHints":{"allow":["GET"]}}],"collection":[{"href":"https:\/\/cafdistribuidora.com.ar\/index.php?rest_route=\/wp\/v2\/product"}],"about":[{"href":"https:\/\/cafdistribuidora.com.ar\/index.php?rest_route=\/wp\/v2\/types\/product"}],"wp:featuredmedia":[{"embeddable":true,"href":"https:\/\/cafdistribuidora.com.ar\/index.php?rest_route=\/wp\/v2\/media\/4289"}],"wp:attachment":[{"href":"https:\/\/cafdistribuidora.com.ar\/index.php?rest_route=%2Fwp%2Fv2%2Fmedia&parent=4288"}],"wp:term":[{"taxonomy":"product_brand","embeddable":true,"href":"https:\/\/cafdistribuidora.com.ar\/index.php?rest_route=%2Fwp%2Fv2%2Fproduct_brand&post=4288"},{"taxonomy":"product_cat","embeddable":true,"href":"https:\/\/cafdistribuidora.com.ar\/index.php?rest_route=%2Fwp%2Fv2%2Fproduct_cat&post=4288"},{"taxonomy":"product_tag","embeddable":true,"href":"https:\/\/cafdistribuidora.com.ar\/index.php?rest_route=%2Fwp%2Fv2%2Fproduct_tag&post=4288"}],"curies":[{"name":"wp","href":"https:\/\/api.w.org\/{rel}","templated":true}]}}